{"id":18,"date":"2021-07-16T02:19:32","date_gmt":"2021-07-16T02:19:32","guid":{"rendered":"http:\/\/terrenazo.com\/?page_id=18"},"modified":"2023-12-08T22:57:32","modified_gmt":"2023-12-09T03:57:32","slug":"contactenos","status":"publish","type":"page","link":"https:\/\/terrenazo.com\/index.php\/contactenos\/","title":{"rendered":"Contactos"},"content":{"rendered":"\n<p>Germ\u00e1n Lizana Sonapo.<\/p>\n\n\n\n<p>Cel: 948567100<\/p>\n\n\n\n<p><strong>Direcci\u00f3n:<\/strong> Trujillo, Mz. N3 Urb. San Andr\u00e9s Trujillo, Distrito de V\u00edctor Larco, Trujillo, La Libertad<\/p>\n\n\n\n<p>Celular: <\/p>\n\n\n\n<p><strong>Celular: <\/strong>948 567 100<\/p>\n\n\n\n<p><strong>E-mail: <\/strong>glizana@terrenazo.com<\/p>\n\n\n\n<iframe src=\"https:\/\/www.google.com\/maps\/embed?pb=!1m18!1m12!1m3!1d7899.668047412721!2d-79.0401130775694!3d-8.118376005276403!2m3!1f0!2f0!3f0!3m2!1i1024!2i768!4f13.1!3m3!1m2!1s0x91ad3d767a544d4f%3A0x92b15e9aef3a5857!2sSan%20Andr%C3%A9s%2C%20Trujillo!5e0!3m2!1ses!2spe!4v1626452884158!5m2!1ses!2spe\" width=\"800\" height=\"600\" style=\"border:0;\" allowfullscreen=\"\" loading=\"lazy\"><\/iframe>\n","protected":false},"excerpt":{"rendered":"<p>Germ\u00e1n Lizana Sonapo. Cel: 948567100 Direcci\u00f3n: Trujillo, Mz. N3 Urb. San Andr\u00e9s Trujillo, Distrito de V\u00edctor Larco, Trujillo, La Libertad Celular: Celular: 948 567 100 E-mail: glizana@terrenazo.com<\/p>\n","protected":false},"author":1,"featured_media":0,"parent":0,"menu_order":0,"comment_status":"closed","ping_status":"closed","template":"","meta":{"_monsterinsights_skip_tracking":false,"_monsterinsights_sitenote_active":false,"_monsterinsights_sitenote_note":"","_monsterinsights_sitenote_category":0,"ngg_post_thumbnail":0,"two_page_speed":[],"footnotes":""},"class_list":["post-18","page","type-page","status-publish","hentry"],"aioseo_notices":[],"_links":{"self":[{"href":"https:\/\/terrenazo.com\/index.php\/wp-json\/wp\/v2\/pages\/18","targetHints":{"allow":["GET"]}}],"collection":[{"href":"https:\/\/terrenazo.com\/index.php\/wp-json\/wp\/v2\/pages"}],"about":[{"href":"https:\/\/terrenazo.com\/index.php\/wp-json\/wp\/v2\/types\/page"}],"author":[{"embeddable":true,"href":"https:\/\/terrenazo.com\/index.php\/wp-json\/wp\/v2\/users\/1"}],"replies":[{"embeddable":true,"href":"https:\/\/terrenazo.com\/index.php\/wp-json\/wp\/v2\/comments?post=18"}],"version-history":[{"count":10,"href":"https:\/\/terrenazo.com\/index.php\/wp-json\/wp\/v2\/pages\/18\/revisions"}],"predecessor-version":[{"id":1956,"href":"https:\/\/terrenazo.com\/index.php\/wp-json\/wp\/v2\/pages\/18\/revisions\/1956"}],"wp:attachment":[{"href":"https:\/\/terrenazo.com\/index.php\/wp-json\/wp\/v2\/media?parent=18"}],"curies":[{"name":"wp","href":"https:\/\/api.w.org\/{rel}","templated":true}]}}